{"id":1955,"date":"2023-12-20T09:25:06","date_gmt":"2023-12-20T07:25:06","guid":{"rendered":"https:\/\/transport.tartumaa.ee\/uhistranspordiga-piirissaarele\/"},"modified":"2026-03-23T17:38:08","modified_gmt":"2026-03-23T15:38:08","slug":"lahde-piirissaareen-julkisilla-kulkuvalineilla","status":"publish","type":"page","link":"http:\/\/transport.tartumaa.ee\/fi\/lahde-piirissaareen-julkisilla-kulkuvalineilla\/","title":{"rendered":"L\u00e4hde Piirissaareen julkisilla kulkuv\u00e4lineill\u00e4!"},"content":{"rendered":"","protected":false},"excerpt":{"rendered":"","protected":false},"author":1,"featured_media":0,"parent":0,"menu_order":1,"comment_status":"closed","ping_status":"closed","template":"","meta":{"footnotes":""},"acf":[],"_links":{"self":[{"href":"http:\/\/transport.tartumaa.ee\/fi\/wp-json\/wp\/v2\/pages\/1955"}],"collection":[{"href":"http:\/\/transport.tartumaa.ee\/fi\/wp-json\/wp\/v2\/pages"}],"about":[{"href":"http:\/\/transport.tartumaa.ee\/fi\/wp-json\/wp\/v2\/types\/page"}],"author":[{"embeddable":true,"href":"http:\/\/transport.tartumaa.ee\/fi\/wp-json\/wp\/v2\/users\/1"}],"replies":[{"embeddable":true,"href":"http:\/\/transport.tartumaa.ee\/fi\/wp-json\/wp\/v2\/comments?post=1955"}],"version-history":[{"count":23,"href":"http:\/\/transport.tartumaa.ee\/fi\/wp-json\/wp\/v2\/pages\/1955\/revisions"}],"predecessor-version":[{"id":3397,"href":"http:\/\/transport.tartumaa.ee\/fi\/wp-json\/wp\/v2\/pages\/1955\/revisions\/3397"}],"wp:attachment":[{"href":"http:\/\/transport.tartumaa.ee\/fi\/wp-json\/wp\/v2\/media?parent=1955"}],"curies":[{"name":"wp","href":"https:\/\/api.w.org\/{rel}","templated":true}]}}