{"id":2101,"date":"2018-05-16T09:53:55","date_gmt":"2018-05-16T06:53:55","guid":{"rendered":"https:\/\/transport.tartumaa.ee\/avaleht\/"},"modified":"2024-03-15T10:35:30","modified_gmt":"2024-03-15T08:35:30","slug":"avaleht","status":"publish","type":"page","link":"http:\/\/transport.tartumaa.ee\/lv\/","title":{"rendered":"Avaleht"},"content":{"rendered":"<h3>Ar kust\u012bbas grafiku var iepaz\u012bties ofici\u0101laj\u0101 sabiedrisk\u0101 transporta port\u0101l\u0101 <a href=\"https:\/\/web.peatus.ee\/\">peatus.ee.<\/a><\/h3>\n<p>&nbsp;<\/p>\n<h3>Vietn\u0113 <a href=\"https:\/\/maakonnad.pilet.ee\/\">maakonnad.pilet.ee<\/a> ir p\u0101rdo\u0161an\u0101 galveno l\u012bniju abonementi!<\/h3>\n","protected":false},"excerpt":{"rendered":"<p>Ar kust\u012bbas grafiku var iepaz\u012bties ofici\u0101laj\u0101 sabiedrisk\u0101 transporta port\u0101l\u0101 peatus.ee. &nbsp; Vietn\u0113 maakonnad.pilet.ee ir p\u0101rdo\u0161an\u0101 galveno l\u012bniju abonementi!<\/p>\n","protected":false},"author":1,"featured_media":0,"parent":0,"menu_order":0,"comment_status":"closed","ping_status":"closed","template":"","meta":{"footnotes":""},"acf":[],"_links":{"self":[{"href":"http:\/\/transport.tartumaa.ee\/lv\/wp-json\/wp\/v2\/pages\/2101"}],"collection":[{"href":"http:\/\/transport.tartumaa.ee\/lv\/wp-json\/wp\/v2\/pages"}],"about":[{"href":"http:\/\/transport.tartumaa.ee\/lv\/wp-json\/wp\/v2\/types\/page"}],"author":[{"embeddable":true,"href":"http:\/\/transport.tartumaa.ee\/lv\/wp-json\/wp\/v2\/users\/1"}],"replies":[{"embeddable":true,"href":"http:\/\/transport.tartumaa.ee\/lv\/wp-json\/wp\/v2\/comments?post=2101"}],"version-history":[{"count":5,"href":"http:\/\/transport.tartumaa.ee\/lv\/wp-json\/wp\/v2\/pages\/2101\/revisions"}],"predecessor-version":[{"id":2360,"href":"http:\/\/transport.tartumaa.ee\/lv\/wp-json\/wp\/v2\/pages\/2101\/revisions\/2360"}],"wp:attachment":[{"href":"http:\/\/transport.tartumaa.ee\/lv\/wp-json\/wp\/v2\/media?parent=2101"}],"curies":[{"name":"wp","href":"https:\/\/api.w.org\/{rel}","templated":true}]}}